{"id":71,"date":"2021-03-19T09:42:05","date_gmt":"2021-03-19T08:42:05","guid":{"rendered":"http:\/\/rotary-eclub.hr\/?page_id=71"},"modified":"2021-12-09T16:33:35","modified_gmt":"2021-12-09T15:33:35","slug":"stickers","status":"publish","type":"page","link":"https:\/\/rotary-eclub.hr\/hr\/stickers\/","title":{"rendered":"Stikeri"},"content":{"rendered":"<p>&nbsp;<\/p>\n<p style=\"text-align: center;\"><strong>Da bi unio jo\u0161 vi\u0161e zabave i \u0161arenila u Rotary svijet, Rotary E-klub Hrvatska razvio je Rotary stikere za Whatsapp i Viber! <\/strong><\/p>\n<p>Stikeri se mogu koristiti kao svakodnevno osvje\u017eenje u komunikaciji, poziv na akciju, njegovanje kontakata s drugim Rotarijancima diljem svijeta, podizanje svijesti o raznim podru\u010djima (iskorjenjivanje polio bolesti, za\u0161tita okoli\u0161a, \u010dista voda, razvoj zajednice itd).<\/p>\n<p><img loading=\"lazy\" decoding=\"async\" class=\"alignnone size-full wp-image-160\" src=\"http:\/\/rotary-eclub.hr\/wp-content\/uploads\/2021\/04\/reklama-1.png\" alt=\"\" width=\"922\" height=\"678\" srcset=\"https:\/\/rotary-eclub.hr\/wp-content\/uploads\/2021\/04\/reklama-1.png 922w, https:\/\/rotary-eclub.hr\/wp-content\/uploads\/2021\/04\/reklama-1-300x221.png 300w, https:\/\/rotary-eclub.hr\/wp-content\/uploads\/2021\/04\/reklama-1-768x565.png 768w\" sizes=\"(max-width: 922px) 100vw, 922px\" \/><\/p>\n<p><strong>\u017delite neke od stikera iz na\u0161e prve serije koju vidite gore?<br \/>\n<\/strong>Po\u0161aljite kratku WhatsApp i Viber poruku na +38598516852 i na\u0161 prijatelj dizajner Alen Duka \u0107e vam ih poslati!<\/p>\n<p>Ako vam se stikeri svi\u0111aju mo\u017eete simboli\u010dnim iznosom potaknuti na\u0161 humanitarni rad na projektima vezanima za obrazovanje i pomo\u0107 mladima, uplatom na na\u0161 donacijski ra\u010dun (DONACIJA NIJE OBAVEZNA). Vi\u0161e informacija o poticanju mladih, obrazovanja i STEM izvrsnosti pro\u010ditajte na: <a href=\"https:\/\/rotary-eclub.hr\/hr\/projekti-1\/\">projekt raSTEMo<\/a>!<\/p>\n<p><strong>\u017delite izraditi specijalne stikere za va\u0161 Rotary klub, projekt, event ili humanitarnu akciju?<\/strong><br \/>\nJavite nam se na <a href=\"mailto:stickers@rotary-eclub.hr\">stickers@rotary-eclub.hr<\/a>!<\/p>\n<p><strong>Podaci za uplatu<\/strong><br \/>\nRotary E-klub Hrvatska \u2013 donacijski ra\u010dun<br \/>\nIBAN: HR94 2340 0091 5106 0902 5<br \/>\nSWIFT CODE (BIC): PBZGHR2X<br \/>\nIli na PayPal preko E-maila: <a href=\"mailto:uprava.kluba@rotary-eclub.hr\">uprava.kluba@rotary-eclub.hr<\/a><\/p>\n<p>Kako ka\u017ee nepisano peto pitanje \u201e<a href=\"https:\/\/rotary-eclub.hr\/hr\/about-rotary\/\" target=\"_blank\" rel=\"noopener\">The Four Way<\/a>\u201c testa: \u201eJe li zabavno?\u201c<br \/>\n<img loading=\"lazy\" decoding=\"async\" class=\"alignnone size-full wp-image-603\" src=\"http:\/\/rotary-eclub.hr\/wp-content\/uploads\/2021\/05\/je-li-zabavno.png\" alt=\"\" width=\"83\" height=\"89\" \/><br \/>\n<span style=\"font-size: 16px;\">Itekako! <\/span>\ud83d\ude0a<\/p>\n<p>Some examples of customised stickers:<\/p>\n<p><img loading=\"lazy\" decoding=\"async\" class=\"size-medium wp-image-869 alignnone\" src=\"http:\/\/rotary-eclub.hr\/wp-content\/uploads\/nigeria-300x56.png\" alt=\"\" width=\"300\" height=\"56\" srcset=\"https:\/\/rotary-eclub.hr\/wp-content\/uploads\/nigeria-300x56.png 300w, https:\/\/rotary-eclub.hr\/wp-content\/uploads\/nigeria-1024x191.png 1024w, https:\/\/rotary-eclub.hr\/wp-content\/uploads\/nigeria-768x144.png 768w, https:\/\/rotary-eclub.hr\/wp-content\/uploads\/nigeria.png 1209w\" sizes=\"(max-width: 300px) 100vw, 300px\" \/><\/p>\n<p><img loading=\"lazy\" decoding=\"async\" class=\"alignnone size-medium wp-image-867\" src=\"http:\/\/rotary-eclub.hr\/wp-content\/uploads\/Untitled-1-300x111.png\" alt=\"\" width=\"300\" height=\"111\" srcset=\"https:\/\/rotary-eclub.hr\/wp-content\/uploads\/Untitled-1-300x111.png 300w, https:\/\/rotary-eclub.hr\/wp-content\/uploads\/Untitled-1-1024x379.png 1024w, https:\/\/rotary-eclub.hr\/wp-content\/uploads\/Untitled-1-768x285.png 768w, https:\/\/rotary-eclub.hr\/wp-content\/uploads\/Untitled-1.png 1398w\" sizes=\"(max-width: 300px) 100vw, 300px\" \/><\/p>\n<p><img loading=\"lazy\" decoding=\"async\" class=\"alignnone wp-image-872 size-thumbnail\" src=\"http:\/\/rotary-eclub.hr\/wp-content\/uploads\/DG2021-100x100.png\" alt=\"\" width=\"100\" height=\"100\" \/><\/p>\n<p><img loading=\"lazy\" decoding=\"async\" class=\"alignnone size-medium wp-image-1023\" src=\"http:\/\/rotary-eclub.hr\/wp-content\/uploads\/Stickers-Gallery-xmas-2021-300x139.png\" alt=\"\" width=\"300\" height=\"139\" srcset=\"https:\/\/rotary-eclub.hr\/wp-content\/uploads\/Stickers-Gallery-xmas-2021-300x139.png 300w, https:\/\/rotary-eclub.hr\/wp-content\/uploads\/Stickers-Gallery-xmas-2021-1024x476.png 1024w, https:\/\/rotary-eclub.hr\/wp-content\/uploads\/Stickers-Gallery-xmas-2021-768x357.png 768w, https:\/\/rotary-eclub.hr\/wp-content\/uploads\/Stickers-Gallery-xmas-2021.png 1134w\" sizes=\"(max-width: 300px) 100vw, 300px\" \/><\/p>","protected":false},"excerpt":{"rendered":"<p>&nbsp; Da bi unio jo\u0161 vi\u0161e zabave i \u0161arenila u Rotary svijet, Rotary E-klub Hrvatska razvio je Rotary stikere za Whatsapp i Viber! Stikeri se mogu koristiti kao svakodnevno osvje\u017eenje u komunikaciji, poziv na akciju, njegovanje kontakata s drugim Rotarijancima diljem svijeta, podizanje svijesti o raznim podru\u010djima (iskorjenjivanje polio bolesti, za\u0161tita okoli\u0161a, \u010dista voda, razvoj &hellip;<\/p>\n<p class=\"read-more\"> <a class=\"\" href=\"https:\/\/rotary-eclub.hr\/hr\/stickers\/\"> <span class=\"screen-reader-text\">Stikeri<\/span> Read More &raquo;<\/a><\/p>\n","protected":false},"author":1,"featured_media":160,"parent":0,"menu_order":0,"comment_status":"closed","ping_status":"closed","template":"","meta":{"cybocfi_hide_featured_image":"yes","footnotes":""},"_links":{"self":[{"href":"https:\/\/rotary-eclub.hr\/hr\/wp-json\/wp\/v2\/pages\/71"}],"collection":[{"href":"https:\/\/rotary-eclub.hr\/hr\/wp-json\/wp\/v2\/pages"}],"about":[{"href":"https:\/\/rotary-eclub.hr\/hr\/wp-json\/wp\/v2\/types\/page"}],"author":[{"embeddable":true,"href":"https:\/\/rotary-eclub.hr\/hr\/wp-json\/wp\/v2\/users\/1"}],"replies":[{"embeddable":true,"href":"https:\/\/rotary-eclub.hr\/hr\/wp-json\/wp\/v2\/comments?post=71"}],"version-history":[{"count":44,"href":"https:\/\/rotary-eclub.hr\/hr\/wp-json\/wp\/v2\/pages\/71\/revisions"}],"predecessor-version":[{"id":1024,"href":"https:\/\/rotary-eclub.hr\/hr\/wp-json\/wp\/v2\/pages\/71\/revisions\/1024"}],"wp:featuredmedia":[{"embeddable":true,"href":"https:\/\/rotary-eclub.hr\/hr\/wp-json\/wp\/v2\/media\/160"}],"wp:attachment":[{"href":"https:\/\/rotary-eclub.hr\/hr\/wp-json\/wp\/v2\/media?parent=71"}],"curies":[{"name":"wp","href":"https:\/\/api.w.org\/{rel}","templated":true}]}}