{"id":61,"date":"2021-03-19T09:37:44","date_gmt":"2021-03-19T08:37:44","guid":{"rendered":"http:\/\/rotary-eclub.hr\/?page_id=61"},"modified":"2023-02-06T15:49:31","modified_gmt":"2023-02-06T14:49:31","slug":"struktura-kluba","status":"publish","type":"page","link":"https:\/\/rotary-eclub.hr\/hr\/struktura-kluba\/","title":{"rendered":"O nama"},"content":{"rendered":"<p><\/p>\n<h5 style=\"text-align: right;\">\u00a0<strong><a href=\"https:\/\/rotary-eclub.hr\/hr\/534-2\/\">TEAM &gt;&gt;<\/a><\/strong><\/h5>\n<p><span id=\"P350_DOCUMENT_CK\" class=\"display_only\">Rotary E-klub Hrvatska prvi je Rotary E-klub u Distriktu 1913. <\/span>U fokusu na\u0161eg kluba je humanitarno djelovanje i to posebno:<\/p>\n<ul>\n<li><span style=\"color: #333399;\">*<\/span> poticanje izvrsnosti i obrazovanja mladih u STEM podru\u010dju<\/li>\n<li>* poticanje jednakosti prilika<\/li>\n<li>* promicanje tehnologije i digitalizacije<\/li>\n<li><span style=\"color: #333399;\">* <\/span>popularizacija znanosti<\/li>\n<\/ul>\n<p><span id=\"P350_DOCUMENT_CK\" class=\"display_only\">Klub je mje\u0161ovit, a \u010dlanstvo je raznoliko prema profesijama, dobi te boravi\u0161tu \u010dlanova. <\/span><span id=\"P350_DOCUMENT_CK\" class=\"display_only\">Oko \u010detvrtine \u010dlanova kluba \u017eivi u inozemstvu (Austrija, Belgija, Njema\u010dka, Ujedinjeno Kraljevstvo, \u0160vicarska), a ostali dolaze iz raznih gradova u Hrvatskoj (Zagreb, Split, Rijeka\u2026). Sastanci se odr\u017eavaju online ponedjeljkom u 21h, a slu\u017ebeni jezik je hrvatski.\u00a0<\/span><\/p>\n<p>Rotarijansko prijateljstvo i slu\u017eenje svakodnevno nas oboga\u0107uje i \u010dini veliku razliku u na\u0161im \u017eivotima, stoga smo posebno ponosni na \u0161irenje Rotary ideje i zajedni\u0161tva kroz osnivanje <a href=\"https:\/\/www.facebook.com\/rotaracteclubhrvatska\" target=\"_blank\" rel=\"noopener\">Rotaract E-kluba Hrvatska<\/a> 2019. godine. Iste godine za\u017eeljeli smo prijateljima iz kumskog kluba <a href=\"https:\/\/rotary-rinovival.hr\/\" target=\"_blank\" rel=\"noopener\">Rotary klub Rijeka Novi Val<\/a> dobrodo\u0161licu u Rotary obitelj!<\/p>\n<p>Godine 2022. osnovali smo Interact E-klub Hrvatska. Interact okuplja ambiciozne srednjo\u0161kolce (12-18 godina) koji, kroz razne projekte i dru\u0161tveno korisno djelovanje, promi\u010du temeljne ideje rotarijanstva.<\/p>\n<h6><strong>OSNOVNI PODACI<\/strong><\/h6>\n<p><strong>Rotary E-klub Hrvatska<\/strong><br \/>\n<strong> \u010culine\u010dka cesta 146c, 10000 Zagreb, Hrvatska<\/strong><br \/>\nOIB: 74038483921; MB: 4101626; NKD: 9499<\/p>\n<p>\u017diro ra\u010duni kluba su otvoreni u: Privredna Banka Zagreb, Radni\u010dka cesta 50, 10000 Zagreb, Hrvatska, OIB: 02535697732<\/p>\n<p><strong><span id=\"P350_DOCUMENT_CK\" class=\"display_only\"><span id=\"yui_3_7_2_1_1380782985969_11193\">Ra\u010dun za redovno poslovanje kluba:<br \/>\n<\/span><\/span><\/strong><span style=\"font-size: 16px;\">IBAN: HR11 2340 0091 1106 0900 0<br \/>\n<\/span><span id=\"P350_DOCUMENT_CK\" class=\"display_only\"><span id=\"yui_3_7_2_1_1380782985969_11700\">SWIFT CODE (BIC)<\/span>: PBZGHR2X<span style=\"font-size: 16px;\">\u00a0<\/span><br \/>\n<\/span><\/p>\n<p><strong><span id=\"P350_DOCUMENT_CK\" class=\"display_only\" style=\"font-size: 16px;\"><span id=\"yui_3_7_2_1_1380782985969_11704\" style=\"font-size: 16px;\">Ra\u010dun za donacije:<br \/>\n<\/span><\/span><\/strong><span id=\"P350_DOCUMENT_CK\" class=\"display_only\">IBAN: HR94 2340 0091 5106 0902 5<br \/>\n<span id=\"yui_3_7_2_1_1380782985969_11700\">SWIFT CODE (BIC)<\/span>: PBZGHR2X<\/span><\/p>\n<h4 class=\"uRegionContent clearfix\"><span style=\"font-family: 'Segoe UI',sans-serif; color: #3a3a3a;\">ROTARIJANSKA POVIJEST KLUBA<\/span><\/h4>\n<p><img loading=\"lazy\" decoding=\"async\" class=\"size-medium wp-image-171 alignleft\" src=\"http:\/\/rotary-eclub.hr\/wp-content\/uploads\/2021\/04\/47405124073011964__IGP7367-e1619629294225-195x300.jpg\" alt=\"\" width=\"195\" height=\"300\" srcset=\"https:\/\/rotary-eclub.hr\/wp-content\/uploads\/2021\/04\/47405124073011964__IGP7367-e1619629294225-195x300.jpg 195w, https:\/\/rotary-eclub.hr\/wp-content\/uploads\/2021\/04\/47405124073011964__IGP7367-e1619629294225-667x1024.jpg 667w, https:\/\/rotary-eclub.hr\/wp-content\/uploads\/2021\/04\/47405124073011964__IGP7367-e1619629294225-768x1179.jpg 768w, https:\/\/rotary-eclub.hr\/wp-content\/uploads\/2021\/04\/47405124073011964__IGP7367-e1619629294225.jpg 796w\" sizes=\"(max-width: 195px) 100vw, 195px\" \/><\/p>\n<p>Nakon \u0161to je Rotary Distrikt 1913 Hrvatska donio odluku o osnivanju, pod sponzorstvom Rotary kluba Zagreb Centar te Rotary kluba Zagreb Gradec te anga\u017emanom past-guvernera i klupskog kuma prijatelja Tomislava Maravi\u0107a, okupljeni su osniva\u010dki \u010dlanovi, te je 28. lipnja 2013. Rotary International dao zeleno svjetlo za rad Rotary E-klub Hrvatska.<\/p>\n<p>Za prvog predsjednika imenovan je Zvonko Jadre\u0161in, dugogodi\u0161nji Rotarijanac, koji je danas po\u010dasni \u010dlan kluba.<\/p>\n<p>Na charter proslavi 1. velja\u010de 2014. godine u hotelu Dubrovnik u Zagrebu guverner Nikola Biland\u017eija i guverner elect Tomislav Maravi\u0107 te brojni predstavnici klubova na\u0161eg i drugih distrikata po\u017eeljeli su dobrodo\u0161licu novim Rotarijancima.<\/p>\n<p>&nbsp;<\/p>\n<p><div style=\"width: 1000px;\" class=\"wp-video\"><!--[if lt IE 9]><script>document.createElement('video');<\/script><![endif]-->\n<video class=\"wp-video-shortcode\" id=\"video-61-1\" width=\"1000\" height=\"500\" preload=\"metadata\" controls=\"controls\"><source type=\"video\/mp4\" src=\"http:\/\/rotary-eclub.hr\/wp-content\/uploads\/2021\/05\/zvonce.mp4?_=1\" \/><a href=\"http:\/\/rotary-eclub.hr\/wp-content\/uploads\/2021\/05\/zvonce.mp4\">http:\/\/rotary-eclub.hr\/wp-content\/uploads\/2021\/05\/zvonce.mp4<\/a><\/video><\/div><\/p>","protected":false},"excerpt":{"rendered":"<p>\u00a0TEAM &gt;&gt; Rotary E-klub Hrvatska prvi je Rotary E-klub u Distriktu 1913. U fokusu na\u0161eg kluba je humanitarno djelovanje i to posebno: * poticanje izvrsnosti i obrazovanja mladih u STEM podru\u010dju * poticanje jednakosti prilika * promicanje tehnologije i digitalizacije * popularizacija znanosti Klub je mje\u0161ovit, a \u010dlanstvo je raznoliko prema profesijama, dobi te boravi\u0161tu &hellip;<\/p>\n<p class=\"read-more\"> <a class=\"\" href=\"https:\/\/rotary-eclub.hr\/hr\/struktura-kluba\/\"> <span class=\"screen-reader-text\">O nama<\/span> Read More &raquo;<\/a><\/p>\n","protected":false},"author":1,"featured_media":0,"parent":0,"menu_order":0,"comment_status":"closed","ping_status":"closed","template":"","meta":{"cybocfi_hide_featured_image":"","footnotes":""},"_links":{"self":[{"href":"https:\/\/rotary-eclub.hr\/hr\/wp-json\/wp\/v2\/pages\/61"}],"collection":[{"href":"https:\/\/rotary-eclub.hr\/hr\/wp-json\/wp\/v2\/pages"}],"about":[{"href":"https:\/\/rotary-eclub.hr\/hr\/wp-json\/wp\/v2\/types\/page"}],"author":[{"embeddable":true,"href":"https:\/\/rotary-eclub.hr\/hr\/wp-json\/wp\/v2\/users\/1"}],"replies":[{"embeddable":true,"href":"https:\/\/rotary-eclub.hr\/hr\/wp-json\/wp\/v2\/comments?post=61"}],"version-history":[{"count":82,"href":"https:\/\/rotary-eclub.hr\/hr\/wp-json\/wp\/v2\/pages\/61\/revisions"}],"predecessor-version":[{"id":1709,"href":"https:\/\/rotary-eclub.hr\/hr\/wp-json\/wp\/v2\/pages\/61\/revisions\/1709"}],"wp:attachment":[{"href":"https:\/\/rotary-eclub.hr\/hr\/wp-json\/wp\/v2\/media?parent=61"}],"curies":[{"name":"wp","href":"https:\/\/api.w.org\/{rel}","templated":true}]}}