{"id":58,"date":"2021-03-19T09:35:35","date_gmt":"2021-03-19T08:35:35","guid":{"rendered":"http:\/\/rotary-eclub.hr\/?page_id=58"},"modified":"2026-04-08T10:10:08","modified_gmt":"2026-04-08T08:10:08","slug":"prva","status":"publish","type":"page","link":"https:\/\/rotary-eclub.hr\/hr\/","title":{"rendered":"Home"},"content":{"rendered":"<p>&nbsp;<\/p>\n<p><span style=\"font-size: 16px; font-style: normal; font-weight: 400;\"><br \/>\n<\/span><strong style=\"font-size: 16px; font-style: normal;\">&#8220;Rotarians are leaders. They exchange ideas to take action to create lasting change &#8211; across the globe, in their communities, and in themselves.&#8221;<\/strong><\/p>\n<h4><\/h4>\n<h1>DOBRO NAM DO\u0160LI<\/h1>\n<p style=\"padding-left: 40px;\"><a href=\"https:\/\/rotary-eclub.hr\/hr\/knjiga-lamije-muzurovic-parkinson-ti-i-ja\/\" rel=\"https:\/\/rotary-eclub.hr\/hr\/knjiga-lamije-muzurovic-parkinson-ti-i-ja\/\"><img decoding=\"async\" class=\"alignnone wp-image-1942 \" src=\"https:\/\/rotary-eclub.hr\/wp-content\/uploads\/naslovnica_cijela.jpg\" alt=\"\" width=\"100px\" height=\"\" \/><\/a> <a href=\"https:\/\/rotary-eclub.hr\/hr\/knjiga-lamije-muzurovic-parkinson-ti-i-ja\/\"><span style=\"font-size: 16px; font-style: normal;\">Online izdanje publikacije<\/span><\/a><a href=\"https:\/\/rotary-eclub.hr\/hr\/knjiga-lamije-muzurovic-parkinson-ti-i-ja\/\"><span style=\"font-size: 16px; font-style: normal;\"> &#8220;Parkinson, ti i ja&#8221; Lamije Muzurovi\u0107<\/span><\/a><br \/>\n<ul class=\"lcp_catlist\" id=\"lcp_instance_0\"><li><a href=\"https:\/\/rotary-eclub.hr\/hr\/primopredaja-predsjednickog-lanca-i-druzenje-prijatelja\/\">Primopredaja predsjedni\u010dkog lanca i dru\u017eenje prijatelja &#8211; Rogoznica 2025<\/a>  07\/2025<\/li><li><a href=\"https:\/\/rotary-eclub.hr\/hr\/danisporta\/\">Dani sporta (u Splitu, Zagrebu i u prirodi)<\/a>  03\/2025<\/li><li><a href=\"https:\/\/rotary-eclub.hr\/hr\/sto-nam-donosi-novi-europski-akt-o-umjetnoj-inteligenciji-uredba-2024-1689\/\">\u0160to nam donosi novi europski AKT O UMJETNOJ INTELIGENCIJI (Uredba 2024\/1689)<\/a>  03\/2025<\/li><li><a href=\"https:\/\/rotary-eclub.hr\/hr\/dani-internet-sigurnosti\/\">Dani Internet sigurnosti<\/a>  02\/2025<\/li><li><a href=\"https:\/\/rotary-eclub.hr\/hr\/otvoren-natjecaj-za-stem-stipendije-rotary-e-kluba-hrvatska-2\/\">Otvoren natje\u010daj za STEM stipendije Rotary E-kluba Hrvatska<\/a>  09\/2024<\/li><li><a href=\"https:\/\/rotary-eclub.hr\/hr\/promocija-knjige-lamije-muzurovic-parkinson-ti-i-ja\/\">Promocija knjige Lamije Muzurovi\u0107 &#8220;Parkinson, ti i ja&#8221;<\/a>  03\/2024<\/li><li><a href=\"https:\/\/rotary-eclub.hr\/hr\/robotika-a-ne-motika-%f0%9f%a4%96%f0%9f%8f%86\/\">Robotika, a ne motika! \ud83e\udd16\ud83c\udfc6<\/a>  07\/2023<\/li><li><a href=\"https:\/\/rotary-eclub.hr\/hr\/govor-zvonka-jadresina-na-proslavi-10-godina-osnivanja-rotary-e-kluba-hrvatska\/\">Govor Zvonka Jadre\u0161ina na proslavi 10 godina osnivanja Rotary E-kluba Hrvatska<\/a>  06\/2023<\/li><li><a href=\"https:\/\/rotary-eclub.hr\/hr\/ryla-2023-odrzana-u-splitu\/\">RYLA 2023 odr\u017eana u Splitu<\/a>  03\/2023<\/li><li><a href=\"https:\/\/rotary-eclub.hr\/hr\/rotary-e-klub-hrvatska-stem-ucenicke-stipendije\/\">Rotary E-klub Hrvatska  STEM u\u010deni\u010dke stipendije<\/a>  12\/2022<\/li><\/ul><\/p>\n<h1>ROTARY TEST \u010cETIRI PITANJA<\/h1>\n<p>1. Je li ISTINA?<br \/>\n2. Je li PRAVEDNO prema svim sudionicima?<br \/>\n3. Ho\u0107e li promicati PRIJATELJSTVO i dobru volju?<br \/>\n4. Ho\u0107e li SLU\u017dITI na dobro svim sudionicima?<br \/>\n<span style=\"color: #999999;\"><em>5. Je li ZABAVNO<\/em><\/span><\/p>\n<p>ROTARY TEST \u010cETIRI PITANJA<\/p>\n<figure id=\"attachment_2132\" aria-describedby=\"caption-attachment-2132\" style=\"width: 705px\" class=\"wp-caption alignnone\"><img loading=\"lazy\" decoding=\"async\" class=\"wp-image-2132 size-large\" src=\"http:\/\/rotary-eclub.hr\/wp-content\/uploads\/test4pitanja_rotary_EklubHrvatska-copy-705x1024.jpg\" alt=\"ROTARY TEST \u010cETIRI PITANJA TEST \u010cETIRI PITANJA Je li ISTINA? Je li ISPRAVNO za sve sudionike? Ho\u0107e li promicati PRIJATELJSTVO I DOBRU VOLJU? Ho\u0107e li slu\u017eiti na DOBRO svim sudionicima?\" width=\"705\" height=\"1024\" srcset=\"https:\/\/rotary-eclub.hr\/wp-content\/uploads\/test4pitanja_rotary_EklubHrvatska-copy-705x1024.jpg 705w, https:\/\/rotary-eclub.hr\/wp-content\/uploads\/test4pitanja_rotary_EklubHrvatska-copy-206x300.jpg 206w, https:\/\/rotary-eclub.hr\/wp-content\/uploads\/test4pitanja_rotary_EklubHrvatska-copy-768x1116.jpg 768w, https:\/\/rotary-eclub.hr\/wp-content\/uploads\/test4pitanja_rotary_EklubHrvatska-copy-1057x1536.jpg 1057w, https:\/\/rotary-eclub.hr\/wp-content\/uploads\/test4pitanja_rotary_EklubHrvatska-copy-1409x2048.jpg 1409w, https:\/\/rotary-eclub.hr\/wp-content\/uploads\/test4pitanja_rotary_EklubHrvatska-copy-scaled.jpg 1761w\" sizes=\"(max-width: 705px) 100vw, 705px\" \/><figcaption id=\"caption-attachment-2132\" class=\"wp-caption-text\">ROTARY TEST \u010cETIRI PITANJA TEST \u010cETIRI PITANJA Je li ISTINA? Je li ISPRAVNO za sve sudionike? Ho\u0107e li promicati PRIJATELJSTVO I DOBRU VOLJU? Ho\u0107e li slu\u017eiti na DOBRO svim sudionicima?<\/figcaption><\/figure>\n<div id=\"gtx-trans\" style=\"position: absolute; left: 520px; top: 174.021px;\">\n<div class=\"gtx-trans-icon\"><\/div>\n<\/div>\n<p><\/p>","protected":false},"excerpt":{"rendered":"<p>&nbsp; &#8220;Rotarians are leaders. They exchange ideas to take action to create lasting change &#8211; across the globe, in their communities, and in themselves.&#8221; DOBRO NAM DO\u0160LI Online izdanje publikacije &#8220;Parkinson, ti i ja&#8221; Lamije Muzurovi\u0107 ROTARY TEST \u010cETIRI PITANJA 1. Je li ISTINA? 2. Je li PRAVEDNO prema svim sudionicima? 3. Ho\u0107e li promicati &hellip;<\/p>\n<p class=\"read-more\"> <a class=\"\" href=\"https:\/\/rotary-eclub.hr\/hr\/\"> <span class=\"screen-reader-text\">Home<\/span> Read More &raquo;<\/a><\/p>\n","protected":false},"author":1,"featured_media":0,"parent":0,"menu_order":0,"comment_status":"closed","ping_status":"closed","template":"","meta":{"cybocfi_hide_featured_image":"","footnotes":""},"_links":{"self":[{"href":"https:\/\/rotary-eclub.hr\/hr\/wp-json\/wp\/v2\/pages\/58"}],"collection":[{"href":"https:\/\/rotary-eclub.hr\/hr\/wp-json\/wp\/v2\/pages"}],"about":[{"href":"https:\/\/rotary-eclub.hr\/hr\/wp-json\/wp\/v2\/types\/page"}],"author":[{"embeddable":true,"href":"https:\/\/rotary-eclub.hr\/hr\/wp-json\/wp\/v2\/users\/1"}],"replies":[{"embeddable":true,"href":"https:\/\/rotary-eclub.hr\/hr\/wp-json\/wp\/v2\/comments?post=58"}],"version-history":[{"count":148,"href":"https:\/\/rotary-eclub.hr\/hr\/wp-json\/wp\/v2\/pages\/58\/revisions"}],"predecessor-version":[{"id":3915,"href":"https:\/\/rotary-eclub.hr\/hr\/wp-json\/wp\/v2\/pages\/58\/revisions\/3915"}],"wp:attachment":[{"href":"https:\/\/rotary-eclub.hr\/hr\/wp-json\/wp\/v2\/media?parent=58"}],"curies":[{"name":"wp","href":"https:\/\/api.w.org\/{rel}","templated":true}]}}