{"id":279,"date":"2021-04-26T12:27:29","date_gmt":"2021-04-26T10:27:29","guid":{"rendered":"https:\/\/rotary-eclub.hr\/?page_id=279"},"modified":"2022-09-06T09:57:08","modified_gmt":"2022-09-06T07:57:08","slug":"about-rotary","status":"publish","type":"page","link":"https:\/\/rotary-eclub.hr\/hr\/about-rotary\/","title":{"rendered":"O Rotaryju"},"content":{"rendered":"<p>Rotary je me\u0111unarodna organizacija osoba iz stru\u010dnog i poslovnog \u017eivota koje se posve\u0107uju humanim ciljevima, cijene i promi\u010du visoka eti\u010dka na\u010dela u poslovnom i privatnom \u017eivotu, te \u0161ire dobru volju i razumijevanje u svijetu. U Hrvatskoj trenutno djeluje 68 Rotary klubova, a Rotary E-klub Hrvatska je prvi E-klub u <a href=\"https:\/\/hr.wikipedia.org\/wiki\/Rotary_Hrvatska#cite_note-1\" target=\"_blank\" rel=\"noopener\">Rotary Distriktu 1913.<\/a><\/p>\n<p>Osnovno na\u010delo \u017eivota i djelovanja za vi\u0161e od 1,2 milijuna Rotarijanaca diljem svijeta je &#8220;Service Above Self&#8221; odnosno nesebi\u010dno slu\u017eenje, a glavne vrijednosti su prijateljstvo &amp; dobro\u010dinstvo.<\/p>\n<p>Rotarijanski moralni kodeks mo\u017ee se sa\u017eeti u \u010detiri pitanja, tzv. &#8220;<a href=\"https:\/\/en.wikipedia.org\/wiki\/The_Four-Way_Test\" target=\"_blank\" rel=\"noopener\">The Four Way Test<\/a>&#8220;:<\/p>\n<h5><strong>TEST \u010cETIRI PITANJA<\/strong><\/h5>\n<ol>\n<li>Je li ISTINA?<\/li>\n<li>Je li ISPRAVNO za sve sudionike?<\/li>\n<li>Ho\u0107e li promicati PRIJATELJSTVO I DOBRU VOLJU?<\/li>\n<li>Ho\u0107e li slu\u017eiti na DOBRO svim sudionicima?<\/li>\n<\/ol>\n<p><em><strong>Test 4 pitanja by Vedran:<\/strong><\/em><\/p>\n<!--[if lt IE 9]><script>document.createElement('audio');<\/script><![endif]-->\n<audio class=\"wp-audio-shortcode\" id=\"audio-279-1\" preload=\"none\" style=\"width: 100%;\" controls=\"controls\"><source type=\"audio\/wav\" src=\"http:\/\/rotary-eclub.hr\/wp-content\/uploads\/2021\/05\/Test-4-pitanja.wav?_=1\" \/><a href=\"http:\/\/rotary-eclub.hr\/wp-content\/uploads\/2021\/05\/Test-4-pitanja.wav\">http:\/\/rotary-eclub.hr\/wp-content\/uploads\/2021\/05\/Test-4-pitanja.wav<\/a><\/audio>\n<h4><\/h4>\n<h4><\/h4>\n<h5><strong>PET PRAVACA SLU\u017dENJA<\/strong><\/h5>\n<ol>\n<li class=\"elementor-heading-title elementor-size-default\">Slu\u017eenje klubu<\/li>\n<li class=\"elementor-heading-title elementor-size-default\"><span style=\"font-size: 16px;\">Slu\u017eenje struci<\/span><\/li>\n<li>Slu\u017eenje zajednici<\/li>\n<li class=\"elementor-heading-title elementor-size-default\">Me\u0111unarodno slu\u017eenje<\/li>\n<li class=\"elementor-heading-title elementor-size-default\">Slu\u017eenje mladim generacijama<\/li>\n<\/ol>\n<h5><strong>SEDAM PODRU\u010cJA DJELOVANJA<\/strong><\/h5>\n<ol>\n<li class=\"elementor-image-box-title\">Voda i sanitarije<\/li>\n<li class=\"elementor-image-box-title\">Zdravlje majke i djeteta<\/li>\n<li class=\"elementor-image-box-title\">Osnovno obrazovanje i pismenost<\/li>\n<li class=\"elementor-image-box-title\">Mir i spre\u010davanje\/rje\u0161avanje sukoba<\/li>\n<li class=\"elementor-image-box-title\">Prevencija i lije\u010denje bolesti<\/li>\n<li class=\"elementor-image-box-title\">Ekonomski razvoj i razvoj zajednice<\/li>\n<li class=\"elementor-image-box-title\">Ekologija i okoli\u0161<\/li>\n<\/ol>\n<p>Jedan od najve<span style=\"font-size: 16px;\">\u0107<\/span>ih Rotary projekata na svjetskoj razini je <a href=\"https:\/\/www.endpolio.org\/\" target=\"_blank\" rel=\"noopener\">End Polio<\/a> inicijativa.<span style=\"font-size: 16px;\"> U posljednja tri desetlje\u0107a napravio se ogroman posao te se odbrojava trenutak kada \u0107e se ova bolest iskorijeniti u potpunosti\u00a0 (&#8220;We are this close &#8211; Countdown to history&#8221;<\/span><span style=\"font-size: 16px;\">). <\/span><span style=\"font-size: 16px;\">Radi se najve\u0107em globalnom projektu za javno zdravstvo na svijetu. Dodatna va\u017enost ovog projekta je u \u010dinjenici da i<\/span><span style=\"font-size: 16px;\">skorjenjivanje jedne bolesti, posebno u problemati\u010dnim i te\u0161ko dostupnim podru\u010djima, pove\u0107ava \u0161anse za uspjeh sli\u010dnih projekata u budu\u0107nosti.\u00a0<\/span><\/p>\n<p><strong>&#8220;<em>Whatever Rotary may mean to us, to the world it will be known by the results it achieves<\/em>.&#8221;<\/strong><br \/>\nPaul Harris, osniva\u010d Rotaryja.<\/p>\n<p><a href=\"https:\/\/rotary.hr\/\" target=\"_blank\" rel=\"noopener\">Rotary Distrikt 1913 Croatia<\/a><br \/>\n<a href=\"https:\/\/www.rotary.org\/en\" target=\"_blank\" rel=\"noopener\">Rotary International\u00a0<\/a><\/p>","protected":false},"excerpt":{"rendered":"<p>Rotary je me\u0111unarodna organizacija osoba iz stru\u010dnog i poslovnog \u017eivota koje se posve\u0107uju humanim ciljevima, cijene i promi\u010du visoka eti\u010dka na\u010dela u poslovnom i privatnom \u017eivotu, te \u0161ire dobru volju i razumijevanje u svijetu. U Hrvatskoj trenutno djeluje 68 Rotary klubova, a Rotary E-klub Hrvatska je prvi E-klub u Rotary Distriktu 1913. Osnovno na\u010delo \u017eivota &hellip;<\/p>\n<p class=\"read-more\"> <a class=\"\" href=\"https:\/\/rotary-eclub.hr\/hr\/about-rotary\/\"> <span class=\"screen-reader-text\">O Rotaryju<\/span> Read More &raquo;<\/a><\/p>\n","protected":false},"author":3,"featured_media":0,"parent":0,"menu_order":0,"comment_status":"closed","ping_status":"closed","template":"","meta":{"cybocfi_hide_featured_image":"","footnotes":""},"_links":{"self":[{"href":"https:\/\/rotary-eclub.hr\/hr\/wp-json\/wp\/v2\/pages\/279"}],"collection":[{"href":"https:\/\/rotary-eclub.hr\/hr\/wp-json\/wp\/v2\/pages"}],"about":[{"href":"https:\/\/rotary-eclub.hr\/hr\/wp-json\/wp\/v2\/types\/page"}],"author":[{"embeddable":true,"href":"https:\/\/rotary-eclub.hr\/hr\/wp-json\/wp\/v2\/users\/3"}],"replies":[{"embeddable":true,"href":"https:\/\/rotary-eclub.hr\/hr\/wp-json\/wp\/v2\/comments?post=279"}],"version-history":[{"count":25,"href":"https:\/\/rotary-eclub.hr\/hr\/wp-json\/wp\/v2\/pages\/279\/revisions"}],"predecessor-version":[{"id":1486,"href":"https:\/\/rotary-eclub.hr\/hr\/wp-json\/wp\/v2\/pages\/279\/revisions\/1486"}],"wp:attachment":[{"href":"https:\/\/rotary-eclub.hr\/hr\/wp-json\/wp\/v2\/media?parent=279"}],"curies":[{"name":"wp","href":"https:\/\/api.w.org\/{rel}","templated":true}]}}