{"id":185,"date":"2021-04-26T10:44:29","date_gmt":"2021-04-26T08:44:29","guid":{"rendered":"https:\/\/rotary-eclub.hr\/?page_id=185"},"modified":"2021-05-07T11:50:06","modified_gmt":"2021-05-07T09:50:06","slug":"projects","status":"publish","type":"page","link":"https:\/\/rotary-eclub.hr\/hr\/projects\/","title":{"rendered":"Projekti"},"content":{"rendered":"<p><div class=\"display-posts-listing image-left\"><div class=\"listing-item\"><a class=\"image\" href=\"https:\/\/rotary-eclub.hr\/hr\/knjiga-lamije-muzurovic-parkinson-ti-i-ja\/\"><img loading=\"lazy\" decoding=\"async\" width=\"100\" height=\"100\" src=\"https:\/\/rotary-eclub.hr\/wp-content\/uploads\/240426_banner_Parkinson_FB_2-100x100.jpg\" class=\"attachment-thumbnail size-thumbnail wp-post-image\" alt=\"\" \/><\/a> <a class=\"title\" href=\"https:\/\/rotary-eclub.hr\/hr\/knjiga-lamije-muzurovic-parkinson-ti-i-ja\/\">Online izdanje publikacije &#8220;Parkinson, ti i ja&#8221; Lamije Muzurovi\u0107<\/a> <span class=\"excerpt-dash\">-<\/span> <span class=\"excerpt\">Povodom obilje\u017eavanja Svjetskog dana Parkinsonove bolesti 11.4. Rotary E-klub Hrvatska predstavlja publikaciju namijenjenu \u010dlanovima obitelji i bliskim osobama oboljelih &#8220;Parkinson, ti i ja: kako na kraj s problemima u svakodnevnom \u017eivotu&#8221;. Smjernice je napisala \u010dlanica kluba, prijateljica Lamija Muzurovi\u0107, psihoanaliti\u010dki psihoterapeut. Doprinos ovim smjernicama dala je i Izv. prof. prim. dr. sc. Vladimira Vuleti\u0107, dr.med., &hellip;<p class=\"read-more\"> <a class=\"\" href=\"https:\/\/rotary-eclub.hr\/hr\/knjiga-lamije-muzurovic-parkinson-ti-i-ja\/\"> <span class=\"screen-reader-text\">Online izdanje publikacije &#8220;Parkinson, ti i ja&#8221; Lamije Muzurovi\u0107<\/span> Read More &raquo;<\/a><\/p><\/span><\/div><div class=\"listing-item\"><a class=\"image\" href=\"https:\/\/rotary-eclub.hr\/hr\/danisporta\/\"><img loading=\"lazy\" decoding=\"async\" width=\"100\" height=\"100\" src=\"https:\/\/rotary-eclub.hr\/wp-content\/uploads\/250226_banner_dani_sporta_3_FB-copy-100x100.jpg\" class=\"attachment-thumbnail size-thumbnail wp-post-image\" alt=\"\" \/><\/a> <a class=\"title\" href=\"https:\/\/rotary-eclub.hr\/hr\/danisporta\/\">Dani sporta (u Splitu, Zagrebu i u prirodi)<\/a> <span class=\"excerpt-dash\">-<\/span> <span class=\"excerpt\">DANI SPORTA\u00a09.-30.3.2025. Split i Zagreb &nbsp; &nbsp; U suradnji sa sportskim klubovima i tvrtkama Rotary E-klub Hrvatska omogu\u0107ava djeci i odraslima u\u010denje novih sportova, zdravo dru\u017eenje i natjecanje. Na sve evente pozvana su djeca i odrasli. Jednokratnom donacijom stje\u010dete pravo sudjelovanja na svim aktivnostima. Donacijom podr\u017eite na\u0161e stipendiste, srednjo\u0161kolce koji su talentirani u STEM podru\u010dju, &hellip;<p class=\"read-more\"> <a class=\"\" href=\"https:\/\/rotary-eclub.hr\/hr\/danisporta\/\"> <span class=\"screen-reader-text\">Dani sporta (u Splitu, Zagrebu i u prirodi)<\/span> Read More &raquo;<\/a><\/p><\/span><\/div><div class=\"listing-item\"><a class=\"image\" href=\"https:\/\/rotary-eclub.hr\/hr\/dani-internet-sigurnosti\/\"><img loading=\"lazy\" decoding=\"async\" width=\"100\" height=\"100\" src=\"https:\/\/rotary-eclub.hr\/wp-content\/uploads\/250211_banner_Marko_I_Ivan_Kristina_najava_2-copy-100x100.jpg\" class=\"attachment-thumbnail size-thumbnail wp-post-image\" alt=\"\" \/><\/a> <a class=\"title\" href=\"https:\/\/rotary-eclub.hr\/hr\/dani-internet-sigurnosti\/\">Dani Internet sigurnosti<\/a> <span class=\"excerpt-dash\">-<\/span> <span class=\"excerpt\">&nbsp; Marko Gulan: Advisor for Cybersecurity and Risk Management. Kiberneti\u010dki kriminal i ranjivosti sustava. Kristina Balenovi\u0107: nezavisna konzultantica, savjetuje Europsku komisiju i sura\u0111uje na projektima uklju\u010divanja i prava djece, uklju\u010duju\u0107i Unicef i European Disability Forum. Njene teme: rizi\u010dna pona\u0161anja, istra\u017eivanja o ugro\u017eavanju na dru\u0161tvenim mre\u017eama. (Kristinin Linkedin profil) Ivan Opa\u010dak: iz Makarske. Diplomirao na TVZ &hellip;<p class=\"read-more\"> <a class=\"\" href=\"https:\/\/rotary-eclub.hr\/hr\/dani-internet-sigurnosti\/\"> <span class=\"screen-reader-text\">Dani Internet sigurnosti<\/span> Read More &raquo;<\/a><\/p><\/span><\/div><div class=\"listing-item\"><a class=\"image\" href=\"https:\/\/rotary-eclub.hr\/hr\/promocija-knjige-lamije-muzurovic-parkinson-ti-i-ja\/\"><img loading=\"lazy\" decoding=\"async\" width=\"100\" height=\"100\" src=\"https:\/\/rotary-eclub.hr\/wp-content\/uploads\/240426_banner_Parkinson_FB_2-100x100.jpg\" class=\"attachment-thumbnail size-thumbnail wp-post-image\" alt=\"\" \/><\/a> <a class=\"title\" href=\"https:\/\/rotary-eclub.hr\/hr\/promocija-knjige-lamije-muzurovic-parkinson-ti-i-ja\/\">Promocija knjige Lamije Muzurovi\u0107 &#8220;Parkinson, ti i ja&#8221;<\/a> <span class=\"excerpt-dash\">-<\/span> <span class=\"excerpt\">Rotary E-klub Hrvatska, povodom obilje\u017eavanja Svjetskog\u00a0dana Parkinsonove bolesti (11.4.), predstavlja smjernice za \u010dlanove obitelji i bliske osobe oboljelih &#8220;Parkinson, ti i ja: kako na kraj s problemima u svakodnevnom \u017eivotu&#8221;. Smjernice je napisala \u010dlanica kluba, prijateljica Lamija Muzurovi\u0107, psihoanaliti\u010dki psihoterapeut. Doprinos ovim smjernicama dala je i prof. prim. dr. sc. Vladimira Vuleti\u0107, priznati stru\u010dnjak, s &hellip;<p class=\"read-more\"> <a class=\"\" href=\"https:\/\/rotary-eclub.hr\/hr\/promocija-knjige-lamije-muzurovic-parkinson-ti-i-ja\/\"> <span class=\"screen-reader-text\">Promocija knjige Lamije Muzurovi\u0107 &#8220;Parkinson, ti i ja&#8221;<\/span> Read More &raquo;<\/a><\/p><\/span><\/div><div class=\"listing-item\"><a class=\"image\" href=\"https:\/\/rotary-eclub.hr\/hr\/robotika-a-ne-motika-%f0%9f%a4%96%f0%9f%8f%86\/\"><img loading=\"lazy\" decoding=\"async\" width=\"100\" height=\"100\" src=\"https:\/\/rotary-eclub.hr\/wp-content\/uploads\/cover-1-100x100.png\" class=\"attachment-thumbnail size-thumbnail wp-post-image\" alt=\"\" \/><\/a> <a class=\"title\" href=\"https:\/\/rotary-eclub.hr\/hr\/robotika-a-ne-motika-%f0%9f%a4%96%f0%9f%8f%86\/\">Robotika, a ne motika! \ud83e\udd16\ud83c\udfc6<\/a> <span class=\"excerpt-dash\">-<\/span> <span class=\"excerpt\">Na\u0161i stipendisti mladi su talenti u raznim STEM podru\u010djima, redovito idu na natjecanja, a dolaze iz manjih mjesta u Hrvatskoj. Ove godine stipendirali smo ukupno 8 u\u010denika. U ovom \u010dlanku upoznajte Jana i Laru, na\u0161e vrijedne roboti\u010dare! Zahvaljujemo svim dosada\u0161njim donatorima i partnerima na projektu, a stipendistima koji su upravo zavr\u0161ili srednju \u0161kolu \u017eelimo puno &hellip;<p class=\"read-more\"> <a class=\"\" href=\"https:\/\/rotary-eclub.hr\/hr\/robotika-a-ne-motika-%f0%9f%a4%96%f0%9f%8f%86\/\"> <span class=\"screen-reader-text\">Robotika, a ne motika! \ud83e\udd16\ud83c\udfc6<\/span> Read More &raquo;<\/a><\/p><\/span><\/div><div class=\"listing-item\"><a class=\"image\" href=\"https:\/\/rotary-eclub.hr\/hr\/donacije-djecjoj-onkoloskoj-bolnici-u-lavovu\/\"><img loading=\"lazy\" decoding=\"async\" width=\"100\" height=\"100\" src=\"https:\/\/rotary-eclub.hr\/wp-content\/uploads\/1banner_Split_Kajana_220627_005_dvojezicno-100x100.jpg\" class=\"attachment-thumbnail size-thumbnail wp-post-image\" alt=\"\" \/><\/a> <a class=\"title\" href=\"https:\/\/rotary-eclub.hr\/hr\/donacije-djecjoj-onkoloskoj-bolnici-u-lavovu\/\">Humanitarni koncert u podrumima Dioklecijanove pala\u010de u Splitu<\/a> <span class=\"excerpt-dash\">-<\/span> <span class=\"excerpt\">Update 09\/2022: Infosomati su nabavljeni i dostavljeni bolnici u Lavovu! \ud83d\ude42\u00a0 &nbsp; Rotary E-Klub Hrvatska organizirao je 10.07.2022 humanitarni koncert u podrumima Dioklecijanove pala\u010de u Splitu. Sve donacije i\u0161le su za pomo\u0107 dje\u010djoj onkolo\u0161koj bolnici u Lavovu u Ukrajini. Sredstva su namijenjena nabavci infusomata koji \u0107e pomo\u0107i u lije\u010denju malih pacijenata. Koncertom smo sakupili ukupno &hellip;<p class=\"read-more\"> <a class=\"\" href=\"https:\/\/rotary-eclub.hr\/hr\/donacije-djecjoj-onkoloskoj-bolnici-u-lavovu\/\"> <span class=\"screen-reader-text\">Humanitarni koncert u podrumima Dioklecijanove pala\u010de u Splitu<\/span> Read More &raquo;<\/a><\/p><\/span><\/div><div class=\"listing-item\"><a class=\"image\" href=\"https:\/\/rotary-eclub.hr\/hr\/e-predavanje-za-mlade-rastemo-zdravo\/\"><img loading=\"lazy\" decoding=\"async\" width=\"100\" height=\"100\" src=\"https:\/\/rotary-eclub.hr\/wp-content\/uploads\/raSTEMo-zdravo-cover-100x100.png\" class=\"attachment-thumbnail size-thumbnail wp-post-image\" alt=\"\" \/><\/a> <a class=\"title\" href=\"https:\/\/rotary-eclub.hr\/hr\/e-predavanje-za-mlade-rastemo-zdravo\/\">e-predavanje za mlade: raSTEMo zdravo<\/a> <span class=\"excerpt-dash\">-<\/span> <span class=\"excerpt\">U subotu 5.3.2022 Rotary E-klub Hrvatska odr\u017eao je e-predavanje namijenjeno mladima pod nazivom raSTEMo zdravo! Za sve vas koji nam se tada niste mogli pridru\u017eiti donosimo ovdje pisane materijale, kao i linkove na svako predavanje! Pro\u010ditajte materijale i pogledajte predavanja &#8211; nadamo se da \u0107ete usvojiti neke od odli\u010dnih savjeta na\u0161ih stru\u010dnjaka te na taj &hellip;<p class=\"read-more\"> <a class=\"\" href=\"https:\/\/rotary-eclub.hr\/hr\/e-predavanje-za-mlade-rastemo-zdravo\/\"> <span class=\"screen-reader-text\">e-predavanje za mlade: raSTEMo zdravo<\/span> Read More &raquo;<\/a><\/p><\/span><\/div><div class=\"listing-item\"><a class=\"image\" href=\"https:\/\/rotary-eclub.hr\/hr\/listen-and-speak\/\"><img loading=\"lazy\" decoding=\"async\" width=\"100\" height=\"100\" src=\"https:\/\/rotary-eclub.hr\/wp-content\/uploads\/pp-100x100.jpg\" class=\"attachment-thumbnail size-thumbnail wp-post-image\" alt=\"\" srcset=\"https:\/\/rotary-eclub.hr\/wp-content\/uploads\/pp-100x100.jpg 100w, https:\/\/rotary-eclub.hr\/wp-content\/uploads\/pp-300x300.jpg 300w, https:\/\/rotary-eclub.hr\/wp-content\/uploads\/pp.jpg 512w\" sizes=\"(max-width: 100px) 100vw, 100px\" \/><\/a> <a class=\"title\" href=\"https:\/\/rotary-eclub.hr\/hr\/listen-and-speak\/\">listEn &#038; spEak<\/a> <span class=\"excerpt-dash\">-<\/span> <span class=\"excerpt\">&nbsp; Update 20.05.2022: Projekt listEn &amp; spEak je finaliziran, vi\u0161e o svemu u kratkom intervjuu na HRT &#8211; Radio Split: &nbsp; listEn &amp; spEak Rotary klub Hrvatska u rotarijanskoj godini 2021\/22 organizira projekt naziva listEn &amp; spEak kako bi osigurao donaciju inovativne opreme koja se koristi za lije\u010denje i rehabilitaciju osoba s o\u0161te\u0107enjima u komunikaciji, &hellip;<p class=\"read-more\"> <a class=\"\" href=\"https:\/\/rotary-eclub.hr\/hr\/listen-and-speak\/\"> <span class=\"screen-reader-text\">listEn &#038; spEak<\/span> Read More &raquo;<\/a><\/p><\/span><\/div><div class=\"listing-item\"><a class=\"image\" href=\"https:\/\/rotary-eclub.hr\/hr\/projekti-1\/\"><img loading=\"lazy\" decoding=\"async\" width=\"100\" height=\"100\" src=\"https:\/\/rotary-eclub.hr\/wp-content\/uploads\/2021\/04\/cover-100x100.png\" class=\"attachment-thumbnail size-thumbnail wp-post-image\" alt=\"\" \/><\/a> <a class=\"title\" href=\"https:\/\/rotary-eclub.hr\/hr\/projekti-1\/\">raSTEMo!<\/a> <span class=\"excerpt-dash\">-<\/span> <span class=\"excerpt\">&nbsp; Aktivnosti Rotary E-klub Hrvatska usmjerene su na mlade, obrazovanje i poticanje izvrsnosti. Donirajte i podr\u017eite na\u0161e stipendiste, srednjo\u0161kolce koji su talentirani u STEM podru\u010dju, a dolaze iz ruralnog podru\u010dja ili manjeg mjesta u Hrvatskoj! Broj dosad dodijeljenih godi\u0161njih stipendija: 43 [zadnji update 2025\/2026] Iznos pojedina\u010dne godi\u0161nje stipendije:\u00a0 \u20ac 1.500,00 Kod za uplatu: Od 2020\/2021 &hellip;<p class=\"read-more\"> <a class=\"\" href=\"https:\/\/rotary-eclub.hr\/hr\/projekti-1\/\"> <span class=\"screen-reader-text\">raSTEMo!<\/span> Read More &raquo;<\/a><\/p><\/span><\/div><div class=\"listing-item\"><a class=\"image\" href=\"https:\/\/rotary-eclub.hr\/hr\/hrvatski-rotary-e-aukcija\/\"><img loading=\"lazy\" decoding=\"async\" width=\"100\" height=\"100\" src=\"https:\/\/rotary-eclub.hr\/wp-content\/uploads\/2021\/05\/cover-za-aukciju-100x100.png\" class=\"attachment-thumbnail size-thumbnail wp-post-image\" alt=\"\" \/><\/a> <a class=\"title\" href=\"https:\/\/rotary-eclub.hr\/hr\/hrvatski-rotary-e-aukcija\/\">Rotary E-a(u)kcija<\/a> <span class=\"excerpt-dash\">-<\/span> <span class=\"excerpt\">&nbsp; Nakon nekoliko odra\u0111enih krugova humanitarne Rotary aukcije proteklih godina, od 2020\/2021 godine krenuli smo zajedno s kumskim klubom Rotary Rijeka Novi Val u nove aukcijske pobjede te proveli dva online aukcijska kruga. Projekt je dugoro\u010dnog karaktera, a sva prikupljena sredstva idu za stipendiranje perspektivnih u\u010denika koji su postigli rezultate na natjecanjima u STEM podru\u010dju! &hellip;<p class=\"read-more\"> <a class=\"\" href=\"https:\/\/rotary-eclub.hr\/hr\/hrvatski-rotary-e-aukcija\/\"> <span class=\"screen-reader-text\">Rotary E-a(u)kcija<\/span> Read More &raquo;<\/a><\/p><\/span><\/div><\/div><\/p>\n<p>&nbsp;<\/p>","protected":false},"excerpt":{"rendered":"<p>&nbsp;<\/p>\n","protected":false},"author":3,"featured_media":0,"parent":0,"menu_order":0,"comment_status":"closed","ping_status":"closed","template":"","meta":{"cybocfi_hide_featured_image":"yes","footnotes":""},"_links":{"self":[{"href":"https:\/\/rotary-eclub.hr\/hr\/wp-json\/wp\/v2\/pages\/185"}],"collection":[{"href":"https:\/\/rotary-eclub.hr\/hr\/wp-json\/wp\/v2\/pages"}],"about":[{"href":"https:\/\/rotary-eclub.hr\/hr\/wp-json\/wp\/v2\/types\/page"}],"author":[{"embeddable":true,"href":"https:\/\/rotary-eclub.hr\/hr\/wp-json\/wp\/v2\/users\/3"}],"replies":[{"embeddable":true,"href":"https:\/\/rotary-eclub.hr\/hr\/wp-json\/wp\/v2\/comments?post=185"}],"version-history":[{"count":40,"href":"https:\/\/rotary-eclub.hr\/hr\/wp-json\/wp\/v2\/pages\/185\/revisions"}],"predecessor-version":[{"id":469,"href":"https:\/\/rotary-eclub.hr\/hr\/wp-json\/wp\/v2\/pages\/185\/revisions\/469"}],"wp:attachment":[{"href":"https:\/\/rotary-eclub.hr\/hr\/wp-json\/wp\/v2\/media?parent=185"}],"curies":[{"name":"wp","href":"https:\/\/api.w.org\/{rel}","templated":true}]}}