{"id":71,"date":"2021-03-19T09:42:05","date_gmt":"2021-03-19T08:42:05","guid":{"rendered":"http:\/\/rotary-eclub.hr\/?page_id=71"},"modified":"2021-12-09T16:33:35","modified_gmt":"2021-12-09T15:33:35","slug":"stickers","status":"publish","type":"page","link":"https:\/\/rotary-eclub.hr\/de\/stickers\/","title":{"rendered":"Stickers"},"content":{"rendered":"<p>&nbsp;<\/p>\n<p style=\"text-align: center;\"><strong>Um die Welt von Rotary noch bunter zu machen, hat unser Klub eine Sammlung von Sticker f\u00fcr WhatsApp und Viber entwickelt!<\/strong><\/p>\n<p>Sticker beleben Ihr Chat-Gespr\u00e4ch. Sie k\u00f6nnen als Aufruf zum Handeln verwendet werden, als unterhaltsame Art andere rotarische Freundinnen und Freunde zu kontaktieren oder als Instrument zur Sensibilisierung f\u00fcr verschiedene Anliegen (Ausrottung der Kinderl\u00e4hmung, Umweltschutz, Wasser und sanit\u00e4re Einrichtungen, Entwicklung der Gemeinschaft usw.)<\/p>\n<p><img loading=\"lazy\" decoding=\"async\" class=\"alignnone size-full wp-image-160\" src=\"http:\/\/rotary-eclub.hr\/wp-content\/uploads\/2021\/04\/reklama-1.png\" alt=\"\" width=\"922\" height=\"678\" srcset=\"https:\/\/rotary-eclub.hr\/wp-content\/uploads\/2021\/04\/reklama-1.png 922w, https:\/\/rotary-eclub.hr\/wp-content\/uploads\/2021\/04\/reklama-1-300x221.png 300w, https:\/\/rotary-eclub.hr\/wp-content\/uploads\/2021\/04\/reklama-1-768x565.png 768w\" sizes=\"(max-width: 922px) 100vw, 922px\" \/><\/p>\n<p><strong>H\u00e4ufig gestellte Fragen:<\/strong><\/p>\n<p><strong>F: Wie bekomme ich die Sticker aus der ersten Sammlung (siehe oben)?<\/strong><br \/>\nA: Senden Sie eine WhatsApp-Nachricht an unseren rotarischen Freund und Designer Alen Duka unter +385 98 516 852 und er wird sie direkt an Sie weiterleiten!<\/p>\n<p>Wenn Ihnen das Ergebnis gef\u00e4llt, k\u00f6nnen Sie mit einer kleinen Spende unsere Projekte im Bereich Jugend, Bildung und MINT-Exzellenz (Wissenschaft, Technologie, Ingenieurwesen und Mathematik) unterst\u00fctzen. Weitere Informationen zu unserer Arbeit finden Sie unter: <a href=\"https:\/\/rotary-eclub.hr\/en\/projekti-1\/\" target=\"_blank\" rel=\"noopener\">raSTEMo! (kroatisch f\u00fcr: &#8222;wir wachsen&#8220;)<\/a><\/p>\n<p><strong>F: Ich m\u00f6chte benutzerdefinierte Sticker f\u00fcr meinen Rotary Klub \/ mein Projekt \/ Event oder meine Spendenaktion erstellen lassen.<\/strong><br \/>\nA: Wir w\u00fcrden gerne von Ihnen h\u00f6ren! Kontaktieren Sie uns unter: <a href=\"mailto:stickers@rotary-eclub.hr\">stickers@rotary-eclub.hr<\/a><\/p>\n<p><strong>Zahlungsdetails<\/strong><br \/>\nRotary E-klub Hrvatska &#8211; donacijski ra\u010dun<br \/>\nIBAN: HR94 2340 0091 5106 0902 5<br \/>\nSWIFT CODE (BIC): PBZGHR2X<br \/>\noder \u00fcber das PayPal-Konto: <a href=\"mailto:uprava.kluba@rotary-eclub.hr\">uprava.kluba@rotary-eclub.hr<\/a><\/p>\n<p>F: Die f\u00fcnfte, ungeschriebene Frage des Vier-Wege-Tests lautet: &#8222;Macht es Spa\u00df?&#8220;<br \/>\nA: Auf jeden Fall! \ud83d\ude0a<\/p>\n<p>Some examples of customised stickers:<\/p>\n<p><img loading=\"lazy\" decoding=\"async\" class=\"size-medium wp-image-869 alignnone\" src=\"http:\/\/rotary-eclub.hr\/wp-content\/uploads\/nigeria-300x56.png\" alt=\"\" width=\"300\" height=\"56\" srcset=\"https:\/\/rotary-eclub.hr\/wp-content\/uploads\/nigeria-300x56.png 300w, https:\/\/rotary-eclub.hr\/wp-content\/uploads\/nigeria-1024x191.png 1024w, https:\/\/rotary-eclub.hr\/wp-content\/uploads\/nigeria-768x144.png 768w, https:\/\/rotary-eclub.hr\/wp-content\/uploads\/nigeria.png 1209w\" sizes=\"(max-width: 300px) 100vw, 300px\" \/><\/p>\n<p><img loading=\"lazy\" decoding=\"async\" class=\"alignnone size-medium wp-image-867\" src=\"http:\/\/rotary-eclub.hr\/wp-content\/uploads\/Untitled-1-300x111.png\" alt=\"\" width=\"300\" height=\"111\" srcset=\"https:\/\/rotary-eclub.hr\/wp-content\/uploads\/Untitled-1-300x111.png 300w, https:\/\/rotary-eclub.hr\/wp-content\/uploads\/Untitled-1-1024x379.png 1024w, https:\/\/rotary-eclub.hr\/wp-content\/uploads\/Untitled-1-768x285.png 768w, https:\/\/rotary-eclub.hr\/wp-content\/uploads\/Untitled-1.png 1398w\" sizes=\"(max-width: 300px) 100vw, 300px\" \/><\/p>\n<p><img loading=\"lazy\" decoding=\"async\" class=\"alignnone wp-image-872 size-thumbnail\" src=\"http:\/\/rotary-eclub.hr\/wp-content\/uploads\/DG2021-100x100.png\" alt=\"\" width=\"100\" height=\"100\" \/><\/p>\n<p><img loading=\"lazy\" decoding=\"async\" class=\"alignnone size-medium wp-image-1023\" src=\"http:\/\/rotary-eclub.hr\/wp-content\/uploads\/Stickers-Gallery-xmas-2021-300x139.png\" alt=\"\" width=\"300\" height=\"139\" srcset=\"https:\/\/rotary-eclub.hr\/wp-content\/uploads\/Stickers-Gallery-xmas-2021-300x139.png 300w, https:\/\/rotary-eclub.hr\/wp-content\/uploads\/Stickers-Gallery-xmas-2021-1024x476.png 1024w, https:\/\/rotary-eclub.hr\/wp-content\/uploads\/Stickers-Gallery-xmas-2021-768x357.png 768w, https:\/\/rotary-eclub.hr\/wp-content\/uploads\/Stickers-Gallery-xmas-2021.png 1134w\" sizes=\"(max-width: 300px) 100vw, 300px\" \/><\/p>","protected":false},"excerpt":{"rendered":"<p>&nbsp; Um die Welt von Rotary noch bunter zu machen, hat unser Klub eine Sammlung von Sticker f\u00fcr WhatsApp und Viber entwickelt! Sticker beleben Ihr Chat-Gespr\u00e4ch. Sie k\u00f6nnen als Aufruf zum Handeln verwendet werden, als unterhaltsame Art andere rotarische Freundinnen und Freunde zu kontaktieren oder als Instrument zur Sensibilisierung f\u00fcr verschiedene Anliegen (Ausrottung der Kinderl\u00e4hmung, &hellip;<\/p>\n<p class=\"read-more\"> <a class=\"\" href=\"https:\/\/rotary-eclub.hr\/de\/stickers\/\"> <span class=\"screen-reader-text\">Stickers<\/span> Weiterlesen &raquo;<\/a><\/p>\n","protected":false},"author":1,"featured_media":160,"parent":0,"menu_order":0,"comment_status":"closed","ping_status":"closed","template":"","meta":{"cybocfi_hide_featured_image":"yes","footnotes":""},"_links":{"self":[{"href":"https:\/\/rotary-eclub.hr\/de\/wp-json\/wp\/v2\/pages\/71"}],"collection":[{"href":"https:\/\/rotary-eclub.hr\/de\/wp-json\/wp\/v2\/pages"}],"about":[{"href":"https:\/\/rotary-eclub.hr\/de\/wp-json\/wp\/v2\/types\/page"}],"author":[{"embeddable":true,"href":"https:\/\/rotary-eclub.hr\/de\/wp-json\/wp\/v2\/users\/1"}],"replies":[{"embeddable":true,"href":"https:\/\/rotary-eclub.hr\/de\/wp-json\/wp\/v2\/comments?post=71"}],"version-history":[{"count":44,"href":"https:\/\/rotary-eclub.hr\/de\/wp-json\/wp\/v2\/pages\/71\/revisions"}],"predecessor-version":[{"id":1024,"href":"https:\/\/rotary-eclub.hr\/de\/wp-json\/wp\/v2\/pages\/71\/revisions\/1024"}],"wp:featuredmedia":[{"embeddable":true,"href":"https:\/\/rotary-eclub.hr\/de\/wp-json\/wp\/v2\/media\/160"}],"wp:attachment":[{"href":"https:\/\/rotary-eclub.hr\/de\/wp-json\/wp\/v2\/media?parent=71"}],"curies":[{"name":"wp","href":"https:\/\/api.w.org\/{rel}","templated":true}]}}