{"id":61,"date":"2021-03-19T09:37:44","date_gmt":"2021-03-19T08:37:44","guid":{"rendered":"http:\/\/rotary-eclub.hr\/?page_id=61"},"modified":"2023-02-06T15:49:31","modified_gmt":"2023-02-06T14:49:31","slug":"struktura-kluba","status":"publish","type":"page","link":"https:\/\/rotary-eclub.hr\/de\/struktura-kluba\/","title":{"rendered":"O nama"},"content":{"rendered":"<p>&nbsp;<\/p>\n<p>Rotary E-Club Kroatien ist der erste Rotary E-Club im Distrikt 1913.<\/p>\n<p>Der Schwerpunkt unseres Clubs liegt im humanit\u00e4ren Handeln, insbesondere in folgenden Bereichen:<\/p>\n<ul>\n<li><span style=\"color: #333399;\">* <\/span>F\u00f6rderung von Exzellenz und Ausbildung junger Menschen im MINT-Bereich<\/li>\n<li><span style=\"color: #333399;\">* <\/span>F\u00f6rderung der Chancengleichheit<\/li>\n<li><span style=\"color: #333399;\">* <\/span>F\u00f6rderung von Technologie und Digitalisierung<\/li>\n<li><span style=\"color: #333399;\">* <\/span>Popularisierung der Wissenschaft<\/li>\n<\/ul>\n<p>Der Club ist gemischt und diversifiziert nach Beruf, Alter und Wohnort der Mitglieder. Etwa ein Viertel der Clubmitglieder lebt im Ausland (\u00d6sterreich, Belgien, Deutschland, Gro\u00dfbritannien, Schweiz), der Rest kommt aus verschiedenen St\u00e4dten in Kroatien (Zagreb, Split, Rijeka\u2026). Die Sitzungen finden montags online um 21:00 Uhr statt. Die Amtssprache ist Kroatisch.<\/p>\n<h4>GRUNDINFORMATION<\/h4>\n<p><span id=\"P350_DOCUMENT_CK\" class=\"display_only\">Rotary E-klub Hrvatska, \u010culine\u010dka cesta 146c, 10000 Zagreb, Croatia, OIB: 74038483921; MB: 4101626; NKD: 9499<\/span><\/p>\n<p><span id=\"P350_DOCUMENT_CK\" class=\"display_only\">Bankkonten in: Privredna Banka Zagreb, Radni\u010dka cesta 50, 10000 Zagreb, Hrvatska, OIB: 02535697732<\/span><\/p>\n<p id=\"yui_3_7_2_1_1380782985969_11194\"><strong><span id=\"P350_DOCUMENT_CK\" class=\"display_only\"><span id=\"yui_3_7_2_1_1380782985969_11193\">Konto f\u00fcr den regul\u00e4ren Vereinsbetrieb:<br \/>\n<\/span><\/span><\/strong><span style=\"font-size: 16px;\">IBAN: HR11 2340 0091 1106 0900 0<br \/>\n<\/span><span id=\"P350_DOCUMENT_CK\" class=\"display_only\"><span id=\"yui_3_7_2_1_1380782985969_11700\">SWIFT CODE (BIC)<\/span>: PBZGHR2X<span style=\"font-size: 16px;\">\u00a0<\/span><br \/>\n<\/span><\/p>\n<p><strong><span id=\"P350_DOCUMENT_CK\" class=\"display_only\" style=\"font-size: 16px;\"><span id=\"yui_3_7_2_1_1380782985969_11704\" style=\"font-size: 16px;\">Spendenkonto:<br \/>\n<\/span><\/span><\/strong><span id=\"P350_DOCUMENT_CK\" class=\"display_only\">IBAN: HR94 2340 0091 5106 0902 5<br \/>\n<span id=\"yui_3_7_2_1_1380782985969_11700\">SWIFT CODE (BIC)<\/span>: PBZGHR2X<\/span><\/p>\n<div class=\"uRegionContent clearfix\">\n<p><img loading=\"lazy\" decoding=\"async\" class=\"alignnone size-medium wp-image-171\" src=\"http:\/\/rotary-eclub.hr\/wp-content\/uploads\/2021\/04\/47405124073011964__IGP7367-e1619629294225-195x300.jpg\" alt=\"\" width=\"195\" height=\"300\" srcset=\"https:\/\/rotary-eclub.hr\/wp-content\/uploads\/2021\/04\/47405124073011964__IGP7367-e1619629294225-195x300.jpg 195w, https:\/\/rotary-eclub.hr\/wp-content\/uploads\/2021\/04\/47405124073011964__IGP7367-e1619629294225-667x1024.jpg 667w, https:\/\/rotary-eclub.hr\/wp-content\/uploads\/2021\/04\/47405124073011964__IGP7367-e1619629294225-768x1179.jpg 768w, https:\/\/rotary-eclub.hr\/wp-content\/uploads\/2021\/04\/47405124073011964__IGP7367-e1619629294225.jpg 796w\" sizes=\"(max-width: 195px) 100vw, 195px\" \/><\/p>\n<h3><\/h3>\n<div class=\"uRegionContent clearfix\">\n<div id=\"report_14774328469427505_catch\">\n<table id=\"report_R14774328469427505\" class=\"table table-striped\" summary=\"\">\n<tbody>\n<tr>\n<td class=\"L\">Name<\/td>\n<td class=\"R\"><span id=\"P350_DOCUMENT_CK\" class=\"display_only\">Rotary E-club Croatia<\/span><\/td>\n<\/tr>\n<tr>\n<td class=\"L\">Rotary International ID<\/td>\n<td class=\"R\">85325<\/td>\n<\/tr>\n<tr>\n<td class=\"L\">Distrikt<\/td>\n<td class=\"R\">1913<\/td>\n<\/tr>\n<tr>\n<td class=\"L\">Gegr\u00fcndet am<\/td>\n<td class=\"R\">28.06.2013<\/td>\n<\/tr>\n<tr>\n<td class=\"L\">Charter<\/td>\n<td class=\"R\">01.02.2014<\/td>\n<\/tr>\n<tr>\n<td class=\"L\">Adresse<\/td>\n<td class=\"R\">\u010culine\u010dka cesta 146c<\/td>\n<\/tr>\n<tr>\n<td class=\"L\">Postleitzahl<\/td>\n<td class=\"R\">10000<\/td>\n<\/tr>\n<tr>\n<td class=\"L\">Stadt<\/td>\n<td class=\"R\">Zagreb<\/td>\n<\/tr>\n<tr>\n<td class=\"L\">Region<\/td>\n<td class=\"R\">GRAD ZAGREB, ZAGREBA\u010cKA<\/td>\n<\/tr>\n<tr>\n<td class=\"L\">Landkreis<\/td>\n<td class=\"R\">ZAGREBA\u010cKA<\/td>\n<\/tr>\n<tr>\n<td class=\"L\">E-mail<\/td>\n<td class=\"R\"><a href=\"mailto:uprava.kluba@rotary-eclub.hr\">uprava.kluba@rotary-eclub.hr<\/a><\/td>\n<\/tr>\n<tr>\n<td class=\"L\">Web<\/td>\n<td class=\"R\"><a href=\"http:\/\/www.eclub.rotary.hr\/\" target=\"_blank\" rel=\"noopener\">https:\/\/rotary-eclub.hr\/<\/a><\/td>\n<\/tr>\n<tr>\n<td class=\"L\">Treffpunkt<\/td>\n<td class=\"R\">Internet via Microsoft Teams<\/td>\n<\/tr>\n<tr>\n<td class=\"L\">Meeting<\/td>\n<td class=\"R\">Monday, 09:00 pm CET<\/td>\n<\/tr>\n<\/tbody>\n<\/table>\n<\/div>\n<\/div>\n<h3><\/h3>\n<\/div>\n<p><\/p>","protected":false},"excerpt":{"rendered":"<p>&nbsp; Rotary E-Club Kroatien ist der erste Rotary E-Club im Distrikt 1913. Der Schwerpunkt unseres Clubs liegt im humanit\u00e4ren Handeln, insbesondere in folgenden Bereichen: * F\u00f6rderung von Exzellenz und Ausbildung junger Menschen im MINT-Bereich * F\u00f6rderung der Chancengleichheit * F\u00f6rderung von Technologie und Digitalisierung * Popularisierung der Wissenschaft Der Club ist gemischt und diversifiziert nach &hellip;<\/p>\n<p class=\"read-more\"> <a class=\"\" href=\"https:\/\/rotary-eclub.hr\/de\/struktura-kluba\/\"> <span class=\"screen-reader-text\">O nama<\/span> Weiterlesen &raquo;<\/a><\/p>\n","protected":false},"author":1,"featured_media":0,"parent":0,"menu_order":0,"comment_status":"closed","ping_status":"closed","template":"","meta":{"cybocfi_hide_featured_image":"","footnotes":""},"_links":{"self":[{"href":"https:\/\/rotary-eclub.hr\/de\/wp-json\/wp\/v2\/pages\/61"}],"collection":[{"href":"https:\/\/rotary-eclub.hr\/de\/wp-json\/wp\/v2\/pages"}],"about":[{"href":"https:\/\/rotary-eclub.hr\/de\/wp-json\/wp\/v2\/types\/page"}],"author":[{"embeddable":true,"href":"https:\/\/rotary-eclub.hr\/de\/wp-json\/wp\/v2\/users\/1"}],"replies":[{"embeddable":true,"href":"https:\/\/rotary-eclub.hr\/de\/wp-json\/wp\/v2\/comments?post=61"}],"version-history":[{"count":54,"href":"https:\/\/rotary-eclub.hr\/de\/wp-json\/wp\/v2\/pages\/61\/revisions"}],"predecessor-version":[{"id":1709,"href":"https:\/\/rotary-eclub.hr\/de\/wp-json\/wp\/v2\/pages\/61\/revisions\/1709"}],"wp:attachment":[{"href":"https:\/\/rotary-eclub.hr\/de\/wp-json\/wp\/v2\/media?parent=61"}],"curies":[{"name":"wp","href":"https:\/\/api.w.org\/{rel}","templated":true}]}}