{"id":58,"date":"2021-03-19T09:35:35","date_gmt":"2021-03-19T08:35:35","guid":{"rendered":"http:\/\/rotary-eclub.hr\/?page_id=58"},"modified":"2026-04-08T10:10:08","modified_gmt":"2026-04-08T08:10:08","slug":"prva","status":"publish","type":"page","link":"https:\/\/rotary-eclub.hr\/de\/","title":{"rendered":"Home"},"content":{"rendered":"<p><\/p>\n<p><strong>&#8222;Rotarier f\u00fchren, sie tauschen Ideen aus und ergreifen Ma\u00dfnahmen, um dauerhafte Ver\u00e4nderungen herbeizuf\u00fchren &#8211; weltweit, in ihren Gemeinden und in sich selbst.&#8220;<\/strong><\/p>\n<h4>WILLKOMMEN<\/h4>\n<p><ul class=\"lcp_catlist\" id=\"lcp_instance_0\"><li><a href=\"https:\/\/rotary-eclub.hr\/de\/primopredaja-predsjednickog-lanca-i-druzenje-prijatelja\/\">(Hrvatski) Primopredaja predsjedni\u010dkog lanca i dru\u017eenje prijatelja &#8211; Rogoznica 2025<\/a>  July, 2025<\/li><li><a href=\"https:\/\/rotary-eclub.hr\/de\/otvoren-natjecaj-za-stem-stipendije-rotary-e-kluba-hrvatska\/\">(Hrvatski) Otvoren natje\u010daj za STEM stipendije Rotary E-kluba Hrvatska<\/a>  September, 2022<\/li><li><a href=\"https:\/\/rotary-eclub.hr\/de\/e-predavanje-za-mlade-rastemo-zdravo\/\">(Hrvatski) e-predavanje za mlade: raSTEMo zdravo<\/a>  March, 2022<\/li><li><a href=\"https:\/\/rotary-eclub.hr\/de\/listen-and-speak\/\">(Hrvatski) listEn &#038; spEak<\/a>  December, 2021<\/li><li><a href=\"https:\/\/rotary-eclub.hr\/de\/christmas-rotary-stickers\/\">Christmas Rotary Stickers<\/a>  December, 2021<\/li><li><a href=\"https:\/\/rotary-eclub.hr\/de\/hrvatski-primopredaja-predsjednicke-duznosti-u-biogradu-na-moru\/\">Primopredaja predsjedni\u010dke du\u017enosti u Biogradu na moru<\/a>  July, 2021<\/li><li><a href=\"https:\/\/rotary-eclub.hr\/de\/hrvatski-video-rotary-e-kluba-end-polio\/\">Video Rotary E-club: End Polio<\/a>  October, 2020<\/li><li><a href=\"https:\/\/rotary-eclub.hr\/de\/hrvatski-dobrotvorni-e-koncert-za-hrvatski-glazbeni-zavod\/\">Dobrotvorni E-koncert za Hrvatski glazbeni zavod<\/a>  April, 2020<\/li><\/ul><\/p>","protected":false},"excerpt":{"rendered":"<p>&#8222;Rotarier f\u00fchren, sie tauschen Ideen aus und ergreifen Ma\u00dfnahmen, um dauerhafte Ver\u00e4nderungen herbeizuf\u00fchren &#8211; weltweit, in ihren Gemeinden und in sich selbst.&#8220; WILLKOMMEN<\/p>\n","protected":false},"author":1,"featured_media":0,"parent":0,"menu_order":0,"comment_status":"closed","ping_status":"closed","template":"","meta":{"cybocfi_hide_featured_image":"","footnotes":""},"_links":{"self":[{"href":"https:\/\/rotary-eclub.hr\/de\/wp-json\/wp\/v2\/pages\/58"}],"collection":[{"href":"https:\/\/rotary-eclub.hr\/de\/wp-json\/wp\/v2\/pages"}],"about":[{"href":"https:\/\/rotary-eclub.hr\/de\/wp-json\/wp\/v2\/types\/page"}],"author":[{"embeddable":true,"href":"https:\/\/rotary-eclub.hr\/de\/wp-json\/wp\/v2\/users\/1"}],"replies":[{"embeddable":true,"href":"https:\/\/rotary-eclub.hr\/de\/wp-json\/wp\/v2\/comments?post=58"}],"version-history":[{"count":144,"href":"https:\/\/rotary-eclub.hr\/de\/wp-json\/wp\/v2\/pages\/58\/revisions"}],"predecessor-version":[{"id":3915,"href":"https:\/\/rotary-eclub.hr\/de\/wp-json\/wp\/v2\/pages\/58\/revisions\/3915"}],"wp:attachment":[{"href":"https:\/\/rotary-eclub.hr\/de\/wp-json\/wp\/v2\/media?parent=58"}],"curies":[{"name":"wp","href":"https:\/\/api.w.org\/{rel}","templated":true}]}}