{"id":279,"date":"2021-04-26T12:27:29","date_gmt":"2021-04-26T10:27:29","guid":{"rendered":"https:\/\/rotary-eclub.hr\/?page_id=279"},"modified":"2022-09-06T09:57:08","modified_gmt":"2022-09-06T07:57:08","slug":"about-rotary","status":"publish","type":"page","link":"https:\/\/rotary-eclub.hr\/de\/about-rotary\/","title":{"rendered":"\u00dcber Rotary"},"content":{"rendered":"<p>Rotary ist eine internationale Organisation, die Angeh\u00f6rige verschiedener Berufe, F\u00fchrungskr\u00e4fte und andere Pers\u00f6nlichkeiten unabh\u00e4ngig von politischen und religi\u00f6sen Richtungen zusammenbringt, um humanit\u00e4re Dienste zu leisten. Sie f\u00f6rdert hohe ethische Standards und Dienstbereitschaft im t\u00e4glichen Leben sowie Frieden auf der ganzen Welt. Es gibt \u00fcber 60 Rotary Clubs in Kroatien. Rotary E-Club Croatia ist der erste E-Club im Rotary Distrikt 1913.<\/p>\n<p>Das Motto von \u00fcber 1,2 Millionen Rotary-Mitgliedern lautet &#8218;Service Above Self&#8216;. Es zeigt die \u00dcberzeugung, dass Rotarier ihre Pflicht, anderen zu helfen, \u00fcber ihre eigenen Bed\u00fcrfnisse stellen.<\/p>\n<p>Die Leitprinzipien von Rotary sind im &#8222;The Four-Way Test\u201c zusammengefasst:<\/p>\n<ol>\n<li>Ist das die Wahrheit?<\/li>\n<li>Ist es fair zu allen Beteiligten?<\/li>\n<li>Wird es guten Willen und bessere Freundschaften aufbauen?<\/li>\n<li>Wird es allen Beteiligten zugute kommen?<\/li>\n<\/ol>\n<p>Bei Rotary wird das Engagement in f\u00fcnf sogenannte <em>Avenues of Service <\/em>unterteilt:<\/p>\n<ul>\n<li>&#8211; Clubdienst<\/li>\n<li>&#8211; Berufsdienst<\/li>\n<li>&#8211; Gemeindienst<\/li>\n<li>&#8211; Internationaler Dienst<\/li>\n<li>&#8211; Jugenddienst<\/li>\n<\/ul>\n<p>Schwerpunkte der rotarischen Aktivit\u00e4ten und Projekte sind:<\/p>\n<ol>\n<li>Friedensf\u00f6rderung und Konfliktpr\u00e4vention<\/li>\n<li>Krankheitspr\u00e4vention und -Behandlung<\/li>\n<li>Wasser, sanit\u00e4re Grundversorgung und Hygiene<\/li>\n<li>Gesundheit von Mutter und Kind<\/li>\n<li>Elementarbildung, Lesen und Schreiben<\/li>\n<li>kommunale Wirtschaftsentwicklung<\/li>\n<li>Umweltschutz<\/li>\n<\/ol>\n<p>End Polio Now ist eine der am l\u00e4ngsten bestehenden und bedeutendsten Bem\u00fchungen in der Geschichte von Rotary. Seit mehr als 30 Jahren f\u00fchrt Rotary die weltweiten Bem\u00fchungen an, Poliof\u00e4lle weltweit um 99,9 Prozent zu reduzieren (\u201eWe are this close \u2013 Countdown to history\u201c). Die fast vollst\u00e4ndige Ausrottung dieser Krankheit ist eine bemerkenswerte Leistung, und ihr Erfolg ebnet den Weg f\u00fcr andere \u00e4hnliche Projekte.<\/p>\n<p><strong>\u201eWas auch immer Rotary f\u00fcr uns bedeuten mag, die Welt wird es an den erzielten Ergebnissen erkennen.\u201c<\/strong><br \/>\nPaul Harris, Rotary-Gr\u00fcnder<\/p>\n<p>&nbsp;<\/p>","protected":false},"excerpt":{"rendered":"<p>Rotary ist eine internationale Organisation, die Angeh\u00f6rige verschiedener Berufe, F\u00fchrungskr\u00e4fte und andere Pers\u00f6nlichkeiten unabh\u00e4ngig von politischen und religi\u00f6sen Richtungen zusammenbringt, um humanit\u00e4re Dienste zu leisten. Sie f\u00f6rdert hohe ethische Standards und Dienstbereitschaft im t\u00e4glichen Leben sowie Frieden auf der ganzen Welt. Es gibt \u00fcber 60 Rotary Clubs in Kroatien. Rotary E-Club Croatia ist der erste &hellip;<\/p>\n<p class=\"read-more\"> <a class=\"\" href=\"https:\/\/rotary-eclub.hr\/de\/about-rotary\/\"> <span class=\"screen-reader-text\">\u00dcber Rotary<\/span> Weiterlesen &raquo;<\/a><\/p>\n","protected":false},"author":3,"featured_media":0,"parent":0,"menu_order":0,"comment_status":"closed","ping_status":"closed","template":"","meta":{"cybocfi_hide_featured_image":"","footnotes":""},"_links":{"self":[{"href":"https:\/\/rotary-eclub.hr\/de\/wp-json\/wp\/v2\/pages\/279"}],"collection":[{"href":"https:\/\/rotary-eclub.hr\/de\/wp-json\/wp\/v2\/pages"}],"about":[{"href":"https:\/\/rotary-eclub.hr\/de\/wp-json\/wp\/v2\/types\/page"}],"author":[{"embeddable":true,"href":"https:\/\/rotary-eclub.hr\/de\/wp-json\/wp\/v2\/users\/3"}],"replies":[{"embeddable":true,"href":"https:\/\/rotary-eclub.hr\/de\/wp-json\/wp\/v2\/comments?post=279"}],"version-history":[{"count":23,"href":"https:\/\/rotary-eclub.hr\/de\/wp-json\/wp\/v2\/pages\/279\/revisions"}],"predecessor-version":[{"id":1486,"href":"https:\/\/rotary-eclub.hr\/de\/wp-json\/wp\/v2\/pages\/279\/revisions\/1486"}],"wp:attachment":[{"href":"https:\/\/rotary-eclub.hr\/de\/wp-json\/wp\/v2\/media?parent=279"}],"curies":[{"name":"wp","href":"https:\/\/api.w.org\/{rel}","templated":true}]}}